{"id":984,"date":"2023-08-19T16:43:55","date_gmt":"2023-08-19T14:43:55","guid":{"rendered":"https:\/\/iran-change.org\/icb\/?page_id=984"},"modified":"2023-09-18T16:49:10","modified_gmt":"2023-09-18T14:49:10","slug":"impressum","status":"publish","type":"page","link":"https:\/\/iran-change.org\/icb\/impressum\/","title":{"rendered":"Impressum"},"content":{"rendered":"<!--themify_builder_content-->\n<div id=\"themify_builder_content-984\" data-postid=\"984\" class=\"themify_builder_content themify_builder_content-984 themify_builder tf_clear\">\n    \t\t\t\t<!-- module_row -->\n\t\t<div  data-lazy=\"1\" class=\"module_row themify_builder_row tb_9hpa614 tb_first tf_w tf_clearfix\">\n\t\t\t\t\t<div class=\"row_inner col_align_top tb_col_count_1 tf_box tf_rel\">\n\t\t\t\t\t<div  data-lazy=\"1\" class=\"module_column tb-column col-full tb_xwdg616 first\">\n\t\t\t\t\t\t\t\t\t<div class=\"tb-column-inner tf_box tf_w\">\n\t\t\t\t<!-- module text -->\n<div  class=\"module module-text tb_5x1y542   \" data-lazy=\"1\">\n        <div  class=\"tb_text_wrap\">\n    <h3><strong><span style=\"color: #000000;\">Gesellschaft von Deutsch-Iranern (GDI)<\/span><\/strong><\/h3>\n<p><span style=\"color: #000000;\"><a href=\"http:\/\/www.iran-change.org\" target=\"_blank\" rel=\"noopener\"><span style=\"color: #0000ff;\">www.iran-change.org<\/span><\/a><br \/><\/span><span style=\"color: #000000;\">E-Mail: <a style=\"color: #000000;\" href=\"mailto:gdi@iran-chang.org\">gdi@iran-chang.org<\/a><\/span><\/p>\n<p><span style=\"color: #000000;\">Verantwortlich f\u00fcr die Inhalte dieser Seite:<br \/><\/span><span style=\"color: #000000;\">Hossein Yaghobi<\/span><\/p>\n<p><span style=\"color: #000000;\"><strong>Haftungsausschluss und Copyright<br \/><\/strong><\/span><span style=\"color: #000000;\">Die Internetseiten der &#8222;Gesellschaft von Deutsch-Iranern&#8220; (GDI) bieten Ihnen eine Vielzahl von Informationen, die regelm\u00e4\u00dfig aktualisiert werden. Sie k\u00f6nnen unsere Informationen speichern und Verkn\u00fcpfungen zu unseren Seiten einrichten. Bei Verlinkung von kommerziellen Anbietern m\u00fcssen die Seiten der &#8222;Gesellschaft von Deutsch-Iranern&#8220; (GDI) alleiniger Bestandteil des Navigator-Fensters sein. Die Informationen d\u00fcrfen nicht ver\u00e4ndert oder verf\u00e4lscht werden.<\/span><\/p>\n<p><span style=\"color: #000000;\"><strong>Inhalt der eigenen Seiten<br \/><\/strong><\/span><span style=\"color: #000000;\">Die Haftung f\u00fcr die Aktualit\u00e4t, Vollst\u00e4ndigkeit oder Qualit\u00e4t ist ausgeschlossen. Alle kostenfreien Angebote sind unverbindlich. Die Redaktion beh\u00e4lt es sich vor, jederzeit ohne vorherige Ank\u00fcndigung das Angebot zu ver\u00e4ndern, zu erg\u00e4nzen, zu l\u00f6schen oder die Ver\u00f6ffentlichung einzustellen.<\/span><\/p>\n<p><span style=\"color: #000000;\"><strong>Links auf die Websites Dritter<br \/><\/strong><\/span><span style=\"color: #000000;\">Die ver\u00f6ffentlichten Links werden mit gr\u00f6\u00dftm\u00f6glicher Sorgfalt recherchiert und zusammengestellt. Die Redaktion hat keinen Einfluss auf die aktuelle und zuk\u00fcnftige Gestaltung und Inhalte der verlinkten Seiten. Die Redaktion der &#8222;Gesellschaft von Deutsch-Iranern&#8220; (GDI) ist nicht f\u00fcr den Inhalt der verkn\u00fcpften Seiten verantwortlich und macht sich den Inhalt nicht zu eigen. F\u00fcr illegale, fehlerhafte oder unvollst\u00e4ndige Inhalte sowie f\u00fcr Sch\u00e4den, die durch die Nutzung oder Nichtnutzung der Informationen entstehen, haftet allein der Anbieter der Website, auf die verwiesen wurde. Die Haftung desjenigen, der lediglich auf die Ver\u00f6ffentlichung durch einen Link hinweist, ist ausgeschlossen. F\u00fcr fremde Hinweise ist die Redaktion nur dann verantwortlich, wenn sie von ihnen, d.h. auch von einem eventuellen rechtswidrigen bzw. strafbaren Inhalt, positive Kenntnis hat, und es technisch m\u00f6glich und zumutbar ist, deren Nutzung zu verhindern.<\/span><\/p>\n<p><span style=\"color: #000000;\"><strong>Datenschutzerkl\u00e4rung<br \/><\/strong>Unsere Plugins und Add-ons sind mit der Datenschutz-Grundverordnung (DSGVO) kompatibel. Nachfolgend finden Sie die h\u00e4ufigsten Fragen im Zusammenhang mit der DSGVO.<\/span><\/p>\n<p><span style=\"color: #000000;\">Wir senden den von Ihnen geposteten Kommentar per automatisierter E-Mail an den Autor der Seite\/des Beitrags und\/oder den Website-Administrator, sofern Sie vor der Ver\u00f6ffentlichung des Kommentars auf unserer Website Ihre Einwilligung erteilt haben. Zu diesen Daten z\u00e4hlt lediglich der von Ihnen gepostete Kommentar. Sie k\u00f6nnen diese Einwilligung jederzeit widerrufen, indem Sie das angezeigte Opt-in-Kommentarfeld\/-Kontrollk\u00e4stchen deaktivieren!<\/span><\/p>\n<p><span style=\"color: #000000;\"><strong>Social Share-Kommentare<br \/><\/strong>Wir haben ein Social Share-Kommentar-Plugin eingebettet, damit Sie \u00fcber Ihr jeweiliges Social Media-Konto Kommentare auf unserer Website hinterlassen k\u00f6nnen. Dieses Plugin kann Ihre IP-Adresse und den Benutzeragenten Ihres Webbrowsers erfassen, Cookies in Ihrem Browser speichern und abrufen, zus\u00e4tzliches Tracking einbetten und Ihre Interaktion mit der Kommentarschnittstelle \u00fcberwachen, einschlie\u00dflich der Korrelation Ihres Social Media Kontos mit allen Aktionen, die Sie innerhalb der Schnittstelle durchf\u00fchren, wenn Sie bei Ihrem Social Media Konto angemeldet sind. Nachfolgend finden Sie einige Beispiele!<\/span><\/p>\n<p><span style=\"color: #000000;\"><strong>Social sharing<br \/><\/strong>Wir haben Social Sharing-Widgets (wie z.B. Facebook etc.) eingebettet, damit Sie die Anzahl der Likes\/Shares\/Empfehlungen sehen und unsere Webseiten \u201eliken\/teilen\/empfehlen\u201c k\u00f6nnen. Diese Widgets k\u00f6nnen Ihre IP-Adresse und den Benutzeragenten Ihres Webbrowsers erfassen, Cookies in Ihrem Browser speichern und abrufen, zus\u00e4tzliches Tracking einbetten und Ihre Interaktion mit dem Widget \u00fcberwachen, einschlie\u00dflich der Korrelation Ihres (z.B. Facebook-) Kontos mit allen Aktionen, die Sie innerhalb des Widgets durchf\u00fchren (z.B. \u201eLiken\/Teilen\/Empfehlen\u201c unserer Webseite).<\/span><\/p>\n<p><span style=\"color: #000000;\"><strong>Facebook-Kommentare<br \/><\/strong>Wir betten das Facebook-Kommentar-Plugin ein, damit Sie \u00fcber Ihr Facebook-Konto Kommentare auf unserer Website hinterlassen k\u00f6nnen. Dieses Plugin kann Ihre IP-Adresse und den Benutzeragenten Ihres Webbrowsers erfassen, Cookies in Ihrem Browser speichern und abrufen, zus\u00e4tzliches Tracking einbetten und Ihre Interaktion mit der Kommentarschnittstelle \u00fcberwachen, einschlie\u00dflich der Korrelation Ihres Facebook-Kontos mit allen Aktionen, die Sie innerhalb der Schnittstelle durchf\u00fchren (z.B. den Kommentar einer anderen Person zu \u201eliken\u201c, auf andere Kommentare zu antworten), wenn Sie bei Facebook angemeldet sind. Weitere Informationen zur Nutzung dieser Daten finden Sie in der Datenschutzerkl\u00e4rung von Facebook:<\/span> <a href=\"https:\/\/www.facebook.com\/about\/privacy\/update\" target=\"_blank\" rel=\"noopener\"><span style=\"color: #0000ff;\">https:\/\/www.facebook.com\/about\/privacy\/update<\/span><\/a><\/p>\n<p><span style=\"color: #000000;\"><strong>Google Analytics<br \/><\/strong>Wir verwenden Google Analytics, um die auf unserer Website get\u00e4tigten Social Shares zu verfolgen. Google erfasst und speichert automatisch bestimmte Informationen in seinen Serverprotokollen, darunter Ger\u00e4teereignisinformationen wie Abst\u00fcrze, Systemaktivit\u00e4t, Hardwareeinstellungen, Browsertyp, Browsersprache, Datum und Uhrzeit Ihrer Anfrage und die dazugeh\u00f6rige URL sowie Cookies, die Ihren Browser oder Ihr Google-Konto eindeutig identifizieren k\u00f6nnen, gem\u00e4\u00df dessen Datenschutzbestimmungen:<\/span> <span style=\"color: #0000ff;\"><a style=\"color: #0000ff;\" href=\"https:\/\/policies.google.com\/privacy\" target=\"_blank\" rel=\"noopener\">https:\/\/policies.google.com\/privacy<\/a><\/span><\/p>\n<p><span style=\"color: #000000;\"><strong>Twitter (X)<br \/><\/strong>Wir verwenden auf unserer Website ein Twitter-Tweet-Widget. Infolgedessen sendet unsere Website Anfragen an die Server von Twitter, damit Sie \u00fcber Ihr Twitter-Konto \u00fcber unsere Webseiten twittern k\u00f6nnen. Durch diese Anfragen wird Ihre IP-Adresse f\u00fcr Twitter sichtbar, welches diese gem\u00e4\u00df seiner Datenschutzrichtlinie verwenden kann:<\/span> <span style=\"color: #0000ff;\"><a style=\"color: #0000ff;\" href=\"https:\/\/twitter.com\/en\/privacy#update\" target=\"_blank\" rel=\"noopener\">https:\/\/twitter.com\/en\/privacy#update<\/a><\/span><\/p>\n<p><span style=\"color: #000000;\"><strong>Linkedin<br \/><\/strong>Wir verwenden auf unserer Website ein Linkedin-Share-Widget, damit Sie unsere Webseiten auf Linkedin teilen k\u00f6nnen. Diese Anfragen k\u00f6nnen Ihre IP-Adresse gem\u00e4\u00df seiner Datenschutzrichtlinie verfolgen:<\/span> <span style=\"color: #0000ff;\"><a style=\"color: #0000ff;\" href=\"https:\/\/www.linkedin.com\/legal\/privacy-policy\" target=\"_blank\" rel=\"noopener\">https:\/\/www.linkedin.com\/legal\/privacy-policy<\/a><\/span><\/p>\n<p><span style=\"color: #000000;\"><strong>Pinterest<br \/><\/strong>Wir verwenden das Pinterest-Speicher-Widget auf unserer Website, damit Sie Bilder von unseren Webseiten auf Pinterest anpinnen k\u00f6nnen. Diese Anfragen k\u00f6nnen Ihre IP-Adresse gem\u00e4\u00df seiner Datenschutzrichtlinie verfolgen:<\/span> <span style=\"color: #0000ff;\"><a style=\"color: #0000ff;\" href=\"https:\/\/policy.pinterest.com\/en\/privacy-policy\" target=\"_blank\" rel=\"noopener\">https:\/\/policy.pinterest.com\/en\/privacy-policy<\/a><\/span><\/p>\n<p><span style=\"color: #000000;\"><strong>Puffer<br \/><\/strong>Wir verwenden das Buffer-Widget auf unserer Website, damit Sie unsere Webseiten zu Ihrem Buffer-Konto hinzuf\u00fcgen k\u00f6nnen, das Protokolldaten von Ihrem Browser sammelt. Diese Protokolldaten k\u00f6nnen Informationen wie Ihre IP-Adresse, den Browsertyp oder die Dom\u00e4ne, auf der Sie mit dem Widget interagieren, in \u00dcbereinstimmung mit der Datenschutzrichtlinie von Buffer enthalten:<\/span> <span style=\"color: #0000ff;\"><a style=\"color: #0000ff;\" href=\"https:\/\/buffer.com\/privacy\" target=\"_blank\" rel=\"noopener\">https:\/\/buffer.com\/privacy<\/a><\/span><\/p>\n<p><span style=\"color: #000000;\"><strong>Xing<br \/><\/strong>Wir verwenden das Xing Share-Widget auf unserer Website, um Ihnen zu erm\u00f6glichen, unsere Webseiten auf Xing zu teilen. Dadurch kann Xing automatisch Daten \u00fcber Sie mittels Tracking sammeln, in \u00dcbereinstimmung mit seinen Datenschutzbestimmungen:<\/span> <span style=\"color: #0000ff;\"><a style=\"color: #0000ff;\" href=\"https:\/\/privacy.xing.com\/en\/privacy-policy\" target=\"_blank\" rel=\"noopener\">https:\/\/privacy.xing.com\/en\/privacy-policy<\/a><\/span><\/p>\n<p><span style=\"color: #000000;\"><strong>Reddit<\/strong><\/span><br \/><span style=\"color: #000000;\">Wir verwenden das Reddit-Badge-Widget auf unserer Website, das Informationen aufzeichnen kann, wenn Sie mit dem Widget interagieren. Dies kann Ihre IP-Adresse, den User-Agent-String, den Browsertyp, das Betriebssystem, verwendete URLs, Ger\u00e4teinformationen (z. B. Ger\u00e4te-IDs), besuchte Seiten, angeklickte Links, Benutzerinteraktionen (z. B. Abstimmungsdaten), die angeforderte URL und Hardware-Einstellungen in \u00dcbereinstimmung mit der Datenschutzrichtlinie umfassen:<\/span> <span style=\"color: #0000ff;\"><a style=\"color: #0000ff;\" href=\"https:\/\/www.redditinc.com\/policies\/privacy-policy\" target=\"_blank\" rel=\"noopener\">https:\/\/www.redditinc.com\/policies\/privacy-policy<\/a><\/span><\/p>    <\/div>\n<\/div>\n<!-- \/module text -->\t\t\t\t<\/div><!-- .tb-column-inner -->\n\t\t\t\t\t\t<\/div><!-- .module_column -->\n\t\t\t\t\t\t<\/div><!-- .row_inner -->\n\t\t<\/div><!-- .module_row -->\n\t\t\t\t<\/div>\n<!--\/themify_builder_content-->","protected":false},"excerpt":{"rendered":"<p>Gesellschaft von Deutsch-Iranern (GDI) www.iran-change.orgE-Mail: gdi@iran-chang.org Verantwortlich f\u00fcr die Inhalte dieser Seite:Hossein Yaghobi Haftungsausschluss und CopyrightDie Internetseiten der &#8222;Gesellschaft von Deutsch-Iranern&#8220; (GDI) bieten Ihnen eine Vielzahl von Informationen, die regelm\u00e4\u00dfig aktualisiert werden. Sie k\u00f6nnen unsere Informationen speichern und Verkn\u00fcpfungen zu unseren Seiten einrichten. Bei Verlinkung von kommerziellen Anbietern m\u00fcssen die Seiten der &#8222;Gesellschaft von Deutsch-Iranern&#8220; [&hellip;]<\/p>\n","protected":false},"author":1,"featured_media":0,"parent":0,"menu_order":0,"comment_status":"closed","ping_status":"closed","template":"","meta":{"footnotes":""},"class_list":["post-984","page","type-page","status-publish","hentry","has-post-title","has-post-date","has-post-category","has-post-tag","has-post-comment","has-post-author",""],"builder_content":"<h3><strong>Gesellschaft von Deutsch-Iranern (GDI)<\/strong><\/h3> <p><a href=\"http:\/\/www.iran-change.org\" target=\"_blank\" rel=\"noopener\">www.iran-change.org<\/a><br \/>E-Mail: <a style=\"color: #000000;\" href=\"mailto:gdi@iran-chang.org\">gdi@iran-chang.org<\/a><\/p> <p>Verantwortlich f\u00fcr die Inhalte dieser Seite:<br \/>Hossein Yaghobi<\/p> <p><strong>Haftungsausschluss und Copyright<br \/><\/strong>Die Internetseiten der \"Gesellschaft von Deutsch-Iranern\" (GDI) bieten Ihnen eine Vielzahl von Informationen, die regelm\u00e4\u00dfig aktualisiert werden. Sie k\u00f6nnen unsere Informationen speichern und Verkn\u00fcpfungen zu unseren Seiten einrichten. Bei Verlinkung von kommerziellen Anbietern m\u00fcssen die Seiten der \"Gesellschaft von Deutsch-Iranern\" (GDI) alleiniger Bestandteil des Navigator-Fensters sein. Die Informationen d\u00fcrfen nicht ver\u00e4ndert oder verf\u00e4lscht werden.<\/p> <p><strong>Inhalt der eigenen Seiten<br \/><\/strong>Die Haftung f\u00fcr die Aktualit\u00e4t, Vollst\u00e4ndigkeit oder Qualit\u00e4t ist ausgeschlossen. Alle kostenfreien Angebote sind unverbindlich. Die Redaktion beh\u00e4lt es sich vor, jederzeit ohne vorherige Ank\u00fcndigung das Angebot zu ver\u00e4ndern, zu erg\u00e4nzen, zu l\u00f6schen oder die Ver\u00f6ffentlichung einzustellen.<\/p> <p><strong>Links auf die Websites Dritter<br \/><\/strong>Die ver\u00f6ffentlichten Links werden mit gr\u00f6\u00dftm\u00f6glicher Sorgfalt recherchiert und zusammengestellt. Die Redaktion hat keinen Einfluss auf die aktuelle und zuk\u00fcnftige Gestaltung und Inhalte der verlinkten Seiten. Die Redaktion der \"Gesellschaft von Deutsch-Iranern\" (GDI) ist nicht f\u00fcr den Inhalt der verkn\u00fcpften Seiten verantwortlich und macht sich den Inhalt nicht zu eigen. F\u00fcr illegale, fehlerhafte oder unvollst\u00e4ndige Inhalte sowie f\u00fcr Sch\u00e4den, die durch die Nutzung oder Nichtnutzung der Informationen entstehen, haftet allein der Anbieter der Website, auf die verwiesen wurde. Die Haftung desjenigen, der lediglich auf die Ver\u00f6ffentlichung durch einen Link hinweist, ist ausgeschlossen. F\u00fcr fremde Hinweise ist die Redaktion nur dann verantwortlich, wenn sie von ihnen, d.h. auch von einem eventuellen rechtswidrigen bzw. strafbaren Inhalt, positive Kenntnis hat, und es technisch m\u00f6glich und zumutbar ist, deren Nutzung zu verhindern.<\/p> <p><strong>Datenschutzerkl\u00e4rung<br \/><\/strong>Unsere Plugins und Add-ons sind mit der Datenschutz-Grundverordnung (DSGVO) kompatibel. Nachfolgend finden Sie die h\u00e4ufigsten Fragen im Zusammenhang mit der DSGVO.<\/p> <p>Wir senden den von Ihnen geposteten Kommentar per automatisierter E-Mail an den Autor der Seite\/des Beitrags und\/oder den Website-Administrator, sofern Sie vor der Ver\u00f6ffentlichung des Kommentars auf unserer Website Ihre Einwilligung erteilt haben. Zu diesen Daten z\u00e4hlt lediglich der von Ihnen gepostete Kommentar. Sie k\u00f6nnen diese Einwilligung jederzeit widerrufen, indem Sie das angezeigte Opt-in-Kommentarfeld\/-Kontrollk\u00e4stchen deaktivieren!<\/p> <p><strong>Social Share-Kommentare<br \/><\/strong>Wir haben ein Social Share-Kommentar-Plugin eingebettet, damit Sie \u00fcber Ihr jeweiliges Social Media-Konto Kommentare auf unserer Website hinterlassen k\u00f6nnen. Dieses Plugin kann Ihre IP-Adresse und den Benutzeragenten Ihres Webbrowsers erfassen, Cookies in Ihrem Browser speichern und abrufen, zus\u00e4tzliches Tracking einbetten und Ihre Interaktion mit der Kommentarschnittstelle \u00fcberwachen, einschlie\u00dflich der Korrelation Ihres Social Media Kontos mit allen Aktionen, die Sie innerhalb der Schnittstelle durchf\u00fchren, wenn Sie bei Ihrem Social Media Konto angemeldet sind. Nachfolgend finden Sie einige Beispiele!<\/p> <p><strong>Social sharing<br \/><\/strong>Wir haben Social Sharing-Widgets (wie z.B. Facebook etc.) eingebettet, damit Sie die Anzahl der Likes\/Shares\/Empfehlungen sehen und unsere Webseiten \u201eliken\/teilen\/empfehlen\u201c k\u00f6nnen. Diese Widgets k\u00f6nnen Ihre IP-Adresse und den Benutzeragenten Ihres Webbrowsers erfassen, Cookies in Ihrem Browser speichern und abrufen, zus\u00e4tzliches Tracking einbetten und Ihre Interaktion mit dem Widget \u00fcberwachen, einschlie\u00dflich der Korrelation Ihres (z.B. Facebook-) Kontos mit allen Aktionen, die Sie innerhalb des Widgets durchf\u00fchren (z.B. \u201eLiken\/Teilen\/Empfehlen\u201c unserer Webseite).<\/p> <p><strong>Facebook-Kommentare<br \/><\/strong>Wir betten das Facebook-Kommentar-Plugin ein, damit Sie \u00fcber Ihr Facebook-Konto Kommentare auf unserer Website hinterlassen k\u00f6nnen. Dieses Plugin kann Ihre IP-Adresse und den Benutzeragenten Ihres Webbrowsers erfassen, Cookies in Ihrem Browser speichern und abrufen, zus\u00e4tzliches Tracking einbetten und Ihre Interaktion mit der Kommentarschnittstelle \u00fcberwachen, einschlie\u00dflich der Korrelation Ihres Facebook-Kontos mit allen Aktionen, die Sie innerhalb der Schnittstelle durchf\u00fchren (z.B. den Kommentar einer anderen Person zu \u201eliken\u201c, auf andere Kommentare zu antworten), wenn Sie bei Facebook angemeldet sind. Weitere Informationen zur Nutzung dieser Daten finden Sie in der Datenschutzerkl\u00e4rung von Facebook: <a href=\"https:\/\/www.facebook.com\/about\/privacy\/update\" target=\"_blank\" rel=\"noopener\">https:\/\/www.facebook.com\/about\/privacy\/update<\/a><\/p> <p><strong>Google Analytics<br \/><\/strong>Wir verwenden Google Analytics, um die auf unserer Website get\u00e4tigten Social Shares zu verfolgen. Google erfasst und speichert automatisch bestimmte Informationen in seinen Serverprotokollen, darunter Ger\u00e4teereignisinformationen wie Abst\u00fcrze, Systemaktivit\u00e4t, Hardwareeinstellungen, Browsertyp, Browsersprache, Datum und Uhrzeit Ihrer Anfrage und die dazugeh\u00f6rige URL sowie Cookies, die Ihren Browser oder Ihr Google-Konto eindeutig identifizieren k\u00f6nnen, gem\u00e4\u00df dessen Datenschutzbestimmungen: <a style=\"color: #0000ff;\" href=\"https:\/\/policies.google.com\/privacy\" target=\"_blank\" rel=\"noopener\">https:\/\/policies.google.com\/privacy<\/a><\/p> <p><strong>Twitter (X)<br \/><\/strong>Wir verwenden auf unserer Website ein Twitter-Tweet-Widget. Infolgedessen sendet unsere Website Anfragen an die Server von Twitter, damit Sie \u00fcber Ihr Twitter-Konto \u00fcber unsere Webseiten twittern k\u00f6nnen. Durch diese Anfragen wird Ihre IP-Adresse f\u00fcr Twitter sichtbar, welches diese gem\u00e4\u00df seiner Datenschutzrichtlinie verwenden kann: <a style=\"color: #0000ff;\" href=\"https:\/\/twitter.com\/en\/privacy#update\" target=\"_blank\" rel=\"noopener\">https:\/\/twitter.com\/en\/privacy#update<\/a><\/p> <p><strong>Linkedin<br \/><\/strong>Wir verwenden auf unserer Website ein Linkedin-Share-Widget, damit Sie unsere Webseiten auf Linkedin teilen k\u00f6nnen. Diese Anfragen k\u00f6nnen Ihre IP-Adresse gem\u00e4\u00df seiner Datenschutzrichtlinie verfolgen: <a style=\"color: #0000ff;\" href=\"https:\/\/www.linkedin.com\/legal\/privacy-policy\" target=\"_blank\" rel=\"noopener\">https:\/\/www.linkedin.com\/legal\/privacy-policy<\/a><\/p> <p><strong>Pinterest<br \/><\/strong>Wir verwenden das Pinterest-Speicher-Widget auf unserer Website, damit Sie Bilder von unseren Webseiten auf Pinterest anpinnen k\u00f6nnen. Diese Anfragen k\u00f6nnen Ihre IP-Adresse gem\u00e4\u00df seiner Datenschutzrichtlinie verfolgen: <a style=\"color: #0000ff;\" href=\"https:\/\/policy.pinterest.com\/en\/privacy-policy\" target=\"_blank\" rel=\"noopener\">https:\/\/policy.pinterest.com\/en\/privacy-policy<\/a><\/p> <p><strong>Puffer<br \/><\/strong>Wir verwenden das Buffer-Widget auf unserer Website, damit Sie unsere Webseiten zu Ihrem Buffer-Konto hinzuf\u00fcgen k\u00f6nnen, das Protokolldaten von Ihrem Browser sammelt. Diese Protokolldaten k\u00f6nnen Informationen wie Ihre IP-Adresse, den Browsertyp oder die Dom\u00e4ne, auf der Sie mit dem Widget interagieren, in \u00dcbereinstimmung mit der Datenschutzrichtlinie von Buffer enthalten: <a style=\"color: #0000ff;\" href=\"https:\/\/buffer.com\/privacy\" target=\"_blank\" rel=\"noopener\">https:\/\/buffer.com\/privacy<\/a><\/p> <p><strong>Xing<br \/><\/strong>Wir verwenden das Xing Share-Widget auf unserer Website, um Ihnen zu erm\u00f6glichen, unsere Webseiten auf Xing zu teilen. Dadurch kann Xing automatisch Daten \u00fcber Sie mittels Tracking sammeln, in \u00dcbereinstimmung mit seinen Datenschutzbestimmungen: <a style=\"color: #0000ff;\" href=\"https:\/\/privacy.xing.com\/en\/privacy-policy\" target=\"_blank\" rel=\"noopener\">https:\/\/privacy.xing.com\/en\/privacy-policy<\/a><\/p> <p><strong>Reddit<\/strong><br \/>Wir verwenden das Reddit-Badge-Widget auf unserer Website, das Informationen aufzeichnen kann, wenn Sie mit dem Widget interagieren. Dies kann Ihre IP-Adresse, den User-Agent-String, den Browsertyp, das Betriebssystem, verwendete URLs, Ger\u00e4teinformationen (z. B. Ger\u00e4te-IDs), besuchte Seiten, angeklickte Links, Benutzerinteraktionen (z. B. Abstimmungsdaten), die angeforderte URL und Hardware-Einstellungen in \u00dcbereinstimmung mit der Datenschutzrichtlinie umfassen: <a style=\"color: #0000ff;\" href=\"https:\/\/www.redditinc.com\/policies\/privacy-policy\" target=\"_blank\" rel=\"noopener\">https:\/\/www.redditinc.com\/policies\/privacy-policy<\/a><\/p>","_links":{"self":[{"href":"https:\/\/iran-change.org\/icb\/wp-json\/wp\/v2\/pages\/984","targetHints":{"allow":["GET"]}}],"collection":[{"href":"https:\/\/iran-change.org\/icb\/wp-json\/wp\/v2\/pages"}],"about":[{"href":"https:\/\/iran-change.org\/icb\/wp-json\/wp\/v2\/types\/page"}],"author":[{"embeddable":true,"href":"https:\/\/iran-change.org\/icb\/wp-json\/wp\/v2\/users\/1"}],"replies":[{"embeddable":true,"href":"https:\/\/iran-change.org\/icb\/wp-json\/wp\/v2\/comments?post=984"}],"version-history":[{"count":28,"href":"https:\/\/iran-change.org\/icb\/wp-json\/wp\/v2\/pages\/984\/revisions"}],"predecessor-version":[{"id":2593,"href":"https:\/\/iran-change.org\/icb\/wp-json\/wp\/v2\/pages\/984\/revisions\/2593"}],"wp:attachment":[{"href":"https:\/\/iran-change.org\/icb\/wp-json\/wp\/v2\/media?parent=984"}],"curies":[{"name":"wp","href":"https:\/\/api.w.org\/{rel}","templated":true}]}}