{"id":265,"date":"2023-08-14T15:33:35","date_gmt":"2023-08-14T13:33:35","guid":{"rendered":"https:\/\/iran-change.org\/icb\/?page_id=265"},"modified":"2023-12-19T17:33:54","modified_gmt":"2023-12-19T16:33:54","slug":"menschenrechte","status":"publish","type":"page","link":"https:\/\/iran-change.org\/icb\/menschenrechte\/","title":{"rendered":"Menschenrechte"},"content":{"rendered":"<!--themify_builder_content-->\n<div id=\"themify_builder_content-265\" data-postid=\"265\" class=\"themify_builder_content themify_builder_content-265 themify_builder tf_clear\">\n    \t\t\t\t<!-- module_row -->\n\t\t<div  data-lazy=\"1\" class=\"module_row themify_builder_row tb_o4jo661 tb_first tf_w tf_clearfix\">\n\t\t\t\t\t<div class=\"row_inner col_align_top tb_col_count_1 tf_box tf_rel\">\n\t\t\t\t\t<div  data-lazy=\"1\" class=\"module_column tb-column col-full tb_8b3z457 first\">\n\t\t\t\t\t\t\t\t\t<div class=\"tb-column-inner tf_box tf_w\">\n\t\t\t\t\t\t<div  data-lazy=\"1\" class=\"module_subrow themify_builder_sub_row tb_att6715 tf_w tf_clearfix\">\n\t\t\t\t\t<div class=\"subrow_inner col_align_top tb_col_count_2 tf_box tf_w\">\n\t\t\t\t\t<div  data-lazy=\"1\" class=\"module_column sub_column col4-2 tb_7ygq716 first\">\n\t\t\t\t\t\t\t\t\t<div class=\"tb-column-inner tf_box tf_w\">\n\t\t\t\t<!-- module post -->\n<div  class=\"module module-post tb_bf4x697 \">\n        <div  class=\"builder-posts-wrap loops-wrapper grid2 masonry classic tf_rel tf_clear tf_clearfix\" data-lazy=\"1\">\n\t<article id=\"post-2271\" class=\"post tf_clearfix post-2271 type-post status-publish format-standard has-post-thumbnail hentry category-menschenrechte category-uncategorized has-post-title no-post-date has-post-category has-post-tag has-post-comment has-post-author \">\n\t    \n\t\t\t\t<figure class=\"post-image tf_clearfix\">\n\t\t\t    \t\t\t\t\t\t\t\t<a href=\"https:\/\/iran-change.org\/icb\/2023\/09\/08\/irans-politische-gefangene-in-einem-sehr-kritischen-zustand\/\">\n\t\t\t\t\t\t\t\t<img loading=\"lazy\" decoding=\"async\" width=\"360\" height=\"308\" src=\"https:\/\/iran-change.org\/icb\/wp-content\/uploads\/2023\/09\/said-masuri-1-e1695041226931.jpg\" class=\"wp-post-image wp-image-2577\" title=\"said-masuri\" alt=\"said-masuri\">\t\t\t\t\t\t\t\t    \t\t\t\t<\/a>\n\t\t\t\t\t\t\t    \t\t\t<\/figure>\n\t\t\t\t<div class=\"post-content\">\n\t\t<div class=\"post-content-inner\">\n\n\t\t\t\n\t\t\t<h2 class=\"post-title entry-title\"><a href=\"https:\/\/iran-change.org\/icb\/2023\/09\/08\/irans-politische-gefangene-in-einem-sehr-kritischen-zustand\/\">Irans politische Gefangene in einem sehr kritischen Zustand!<\/a><\/h2>\n\t\t\t\n\t\t\t\n\t\t\t\t<div class=\"entry-content\">\n\n        \n\t\t<p>Als Reaktion auf den unmenschlichen Druck der Beh\u00f6rden des iranischen Regimes \u00a0im Vorfeld des Jahrestages der landesweiten Aufst\u00e4nde im Jahr 2022 befinden sich mehrere politische [&hellip;]<\/p>\n\n\t\t\n\t    \n\t<\/div><!-- \/.entry-content -->\n\t\n\t\t<\/div>\n\t\t<!-- \/.post-content-inner -->\n\t<\/div>\n\t<!-- \/.post-content -->\n\t\n<\/article>\n<!-- \/.post -->\n<article id=\"post-1851\" class=\"post tf_clearfix post-1851 type-post status-publish format-standard has-post-thumbnail hentry category-menschenrechte category-uncategorized has-post-title no-post-date has-post-category has-post-tag has-post-comment has-post-author \">\n\t    \n\t\t\t\t<figure class=\"post-image tf_clearfix\">\n\t\t\t    \t\t\t\t\t\t\t\t<a href=\"https:\/\/iran-change.org\/icb\/2023\/08\/28\/maryam-akbari-monfared-zu-zwei-weiteren-jahren-gefaengnis-verurteilt\/\">\n\t\t\t\t\t\t\t\t<img loading=\"lazy\" decoding=\"async\" width=\"750\" height=\"375\" src=\"https:\/\/iran-change.org\/icb\/wp-content\/uploads\/2023\/08\/Maryam-Akbari-Monfared.jpg\" class=\"wp-post-image wp-image-1852\" title=\"Maryam-Akbari-Monfared\" alt=\"Maryam-Akbari-Monfared\" srcset=\"https:\/\/iran-change.org\/icb\/wp-content\/uploads\/2023\/08\/Maryam-Akbari-Monfared.jpg 750w, https:\/\/iran-change.org\/icb\/wp-content\/uploads\/2023\/08\/Maryam-Akbari-Monfared-300x150.jpg 300w\" sizes=\"auto, (max-width: 750px) 100vw, 750px\" \/>\t\t\t\t\t\t\t\t    \t\t\t\t<\/a>\n\t\t\t\t\t\t\t    \t\t\t<\/figure>\n\t\t\t\t<div class=\"post-content\">\n\t\t<div class=\"post-content-inner\">\n\n\t\t\t\n\t\t\t<h2 class=\"post-title entry-title\"><a href=\"https:\/\/iran-change.org\/icb\/2023\/08\/28\/maryam-akbari-monfared-zu-zwei-weiteren-jahren-gefaengnis-verurteilt\/\">Maryam Akbari Monfared zu zwei weiteren Jahren Gef\u00e4ngnis verurteilt!<\/a><\/h2>\n\t\t\t\n\t\t\t\n\t\t\t\t<div class=\"entry-content\">\n\n        \n\t\t<p>Die politische Gefangene Maryam Akbari Monfared hat aufgrund neuer F\u00e4lle, die das Geheimdienstministerium des klerikalen Regimes gegen sie eingereicht hat, zus\u00e4tzliche Haftstrafen erhalten. Abteilung 101 [&hellip;]<\/p>\n\n\t\t\n\t    \n\t<\/div><!-- \/.entry-content -->\n\t\n\t\t<\/div>\n\t\t<!-- \/.post-content-inner -->\n\t<\/div>\n\t<!-- \/.post-content -->\n\t\n<\/article>\n<!-- \/.post -->\n<article id=\"post-1678\" class=\"post tf_clearfix post-1678 type-post status-publish format-standard has-post-thumbnail hentry category-menschenrechte category-uncategorized has-post-title no-post-date has-post-category has-post-tag has-post-comment has-post-author \">\n\t    \n\t\t\t\t<figure class=\"post-image tf_clearfix\">\n\t\t\t    \t\t\t\t\t\t\t\t<a href=\"https:\/\/iran-change.org\/icb\/2023\/08\/24\/die-uhr-tickt-fur-ebrahim-raisi-um-fur-das-massaker-von-1988-vor-gericht-gestellt-zu-werden\/\">\n\t\t\t\t\t\t\t\t<img loading=\"lazy\" decoding=\"async\" width=\"1218\" height=\"612\" src=\"https:\/\/iran-change.org\/icb\/wp-content\/uploads\/2023\/08\/Matyrer.jpg\" class=\"wp-post-image wp-image-1140\" title=\"Ausstellung M\u00e4rtyrer des Massakers von 1988\" alt=\"Ausstellung M\u00e4rtyrer des Massakers von 1988\" srcset=\"https:\/\/iran-change.org\/icb\/wp-content\/uploads\/2023\/08\/Matyrer.jpg 1218w, https:\/\/iran-change.org\/icb\/wp-content\/uploads\/2023\/08\/Matyrer-300x151.jpg 300w, https:\/\/iran-change.org\/icb\/wp-content\/uploads\/2023\/08\/Matyrer-1024x515.jpg 1024w, https:\/\/iran-change.org\/icb\/wp-content\/uploads\/2023\/08\/Matyrer-768x386.jpg 768w, https:\/\/iran-change.org\/icb\/wp-content\/uploads\/2023\/08\/Matyrer-1024x515-560x281.jpg 560w\" sizes=\"auto, (max-width: 1218px) 100vw, 1218px\" \/>\t\t\t\t\t\t\t\t    \t\t\t\t<\/a>\n\t\t\t\t\t\t\t    \t\t\t<\/figure>\n\t\t\t\t<div class=\"post-content\">\n\t\t<div class=\"post-content-inner\">\n\n\t\t\t\n\t\t\t<h2 class=\"post-title entry-title\"><a href=\"https:\/\/iran-change.org\/icb\/2023\/08\/24\/die-uhr-tickt-fur-ebrahim-raisi-um-fur-das-massaker-von-1988-vor-gericht-gestellt-zu-werden\/\">Die Uhr tickt f\u00fcr Ebrahim Raisi, um f\u00fcr das Massaker von 1988 vor Gericht gestellt zu werden!<\/a><\/h2>\n\t\t\t\n\t\t\t\n\t\t\t\t<div class=\"entry-content\">\n\n        \n\t\t<p>Zwei Jahre sind verstrichen, seit Ebrahim Raisi an die Macht gekommen ist. Von Anfang an war klar, dass der Oberste F\u00fchrer des Regimes Ali Khamenei, [&hellip;]<\/p>\n\n\t\t\n\t    \n\t<\/div><!-- \/.entry-content -->\n\t\n\t\t<\/div>\n\t\t<!-- \/.post-content-inner -->\n\t<\/div>\n\t<!-- \/.post-content -->\n\t\n<\/article>\n<!-- \/.post -->\n<article id=\"post-1638\" class=\"post tf_clearfix post-1638 type-post status-publish format-standard has-post-thumbnail hentry category-menschenrechte category-uncategorized has-post-title no-post-date has-post-category has-post-tag has-post-comment has-post-author \">\n\t    \n\t\t\t\t<figure class=\"post-image tf_clearfix\">\n\t\t\t    \t\t\t\t\t\t\t\t<a href=\"https:\/\/iran-change.org\/icb\/2023\/08\/24\/roqieh-abedini-wurde-in-hamedan-gehangt-das-neue-opfer-von-hinrichtungen-im-iran-2\/\">\n\t\t\t\t\t\t\t\t<img loading=\"lazy\" decoding=\"async\" width=\"750\" height=\"375\" src=\"https:\/\/iran-change.org\/icb\/wp-content\/uploads\/2023\/08\/Roqieh-Abedini.jpg\" class=\"wp-post-image wp-image-358\" title=\"Roqieh Abedini\" alt=\"Roqieh Abedini\" srcset=\"https:\/\/iran-change.org\/icb\/wp-content\/uploads\/2023\/08\/Roqieh-Abedini.jpg 750w, https:\/\/iran-change.org\/icb\/wp-content\/uploads\/2023\/08\/Roqieh-Abedini-300x150.jpg 300w, https:\/\/iran-change.org\/icb\/wp-content\/uploads\/2023\/08\/Roqieh-Abedini-560x280.jpg 560w\" sizes=\"auto, (max-width: 750px) 100vw, 750px\" \/>\t\t\t\t\t\t\t\t    \t\t\t\t<\/a>\n\t\t\t\t\t\t\t    \t\t\t<\/figure>\n\t\t\t\t<div class=\"post-content\">\n\t\t<div class=\"post-content-inner\">\n\n\t\t\t\n\t\t\t<h2 class=\"post-title entry-title\"><a href=\"https:\/\/iran-change.org\/icb\/2023\/08\/24\/roqieh-abedini-wurde-in-hamedan-gehangt-das-neue-opfer-von-hinrichtungen-im-iran-2\/\">Roqieh Abedini wurde in Hamedan geh\u00e4ngt \u2013 das neue Opfer von Hinrichtungen im Iran!<\/a><\/h2>\n\t\t\t\n\t\t\t\n\t\t\t\t<div class=\"entry-content\">\n\n        \n\t\t<p>Im Morgengrauen des Donnerstages, dem 10. August 2023, wurden im Hamedan-Gef\u00e4ngnis zwei Gefangene, darunter eine Frau, geh\u00e4ngt. Die Identit\u00e4t der beiden Gefangenen wurde als Roqieh [&hellip;]<\/p>\n\n\t\t\n\t    \n\t<\/div><!-- \/.entry-content -->\n\t\n\t\t<\/div>\n\t\t<!-- \/.post-content-inner -->\n\t<\/div>\n\t<!-- \/.post-content -->\n\t\n<\/article>\n<!-- \/.post -->\n<\/div><!-- .builder-posts-wrap -->\n    <\/div>\n    <!-- \/module post -->\n\t\t\t\t<\/div><!-- .tb-column-inner -->\n\t\t\t\t\t\t<\/div><!-- .module_column -->\n\t\t\t\t\t<div  data-lazy=\"1\" class=\"module_column sub_column col3-1 tb_356r59 last\">\n\t\t\t\t\t\t\t\t\t<div class=\"tb-column-inner tf_box tf_w\">\n\t\t\t\t<!-- module image -->\n<div  class=\"module module-image tb_ct61487   image-top tf_mw\" data-lazy=\"1\">\n        <div class=\"image-wrap tf_rel tf_mw\">\n\t\t    <img loading=\"lazy\" decoding=\"async\" width=\"316\" height=\"68\" src=\"https:\/\/iran-change.org\/icb\/wp-content\/uploads\/2023\/12\/Verwandte-Beitraege-5.png\" class=\"wp-post-image wp-image-3382\" title=\"Verwandte Beitr\u00e4ge-5\" alt=\"Verwandte Beitr\u00e4ge-5\" srcset=\"https:\/\/iran-change.org\/icb\/wp-content\/uploads\/2023\/12\/Verwandte-Beitraege-5.png 316w, https:\/\/iran-change.org\/icb\/wp-content\/uploads\/2023\/12\/Verwandte-Beitraege-5-300x65.png 300w\" sizes=\"auto, (max-width: 316px) 100vw, 316px\" \/>\t\n\t\t<\/div>\n\t<!-- \/image-wrap -->\n    \n    \t<\/div>\n<!-- \/module image --><!-- module post -->\n<div  class=\"module module-post tb_5pln61  tb_fullwidth_image\">\n        <div  class=\"builder-posts-wrap loops-wrapper list-thumb-image classic tf_clear tf_clearfix\" data-lazy=\"1\">\n\t<article id=\"post-2271\" class=\"post tf_clearfix post-2271 type-post status-publish format-standard has-post-thumbnail hentry category-menschenrechte category-uncategorized has-post-title no-post-date has-post-category has-post-tag has-post-comment has-post-author \">\n\t    \n\t\t\t\t<figure class=\"post-image tf_clearfix\">\n\t\t\t    \t\t\t\t\t\t\t\t<a href=\"https:\/\/iran-change.org\/icb\/2023\/09\/08\/irans-politische-gefangene-in-einem-sehr-kritischen-zustand\/\">\n\t\t\t\t\t\t\t\t<img loading=\"lazy\" decoding=\"async\" src=\"https:\/\/iran-change.org\/icb\/wp-content\/uploads\/2023\/09\/said-masuri-1-150x150-364x240.jpg\" width=\"364\" height=\"240\" class=\"wp-post-image wp-image-2577\" title=\"said-masuri\" alt=\"said-masuri\">\t\t\t\t\t\t\t\t    \t\t\t\t<\/a>\n\t\t\t\t\t\t\t    \t\t\t<\/figure>\n\t\t\t\t<div class=\"post-content\">\n\t\t<div class=\"post-content-inner\">\n\n\t\t\t\n\t\t\t<h2 class=\"post-title entry-title\"><a href=\"https:\/\/iran-change.org\/icb\/2023\/09\/08\/irans-politische-gefangene-in-einem-sehr-kritischen-zustand\/\">Irans politische Gefangene in einem sehr kritischen Zustand!<\/a><\/h2>\n\t\t\t\n\t\t\t\n\t\t\t\t<div class=\"entry-content\">\n\n        \n\t<\/div><!-- \/.entry-content -->\n\t\n\t\t<\/div>\n\t\t<!-- \/.post-content-inner -->\n\t<\/div>\n\t<!-- \/.post-content -->\n\t\n<\/article>\n<!-- \/.post -->\n<article id=\"post-1851\" class=\"post tf_clearfix post-1851 type-post status-publish format-standard has-post-thumbnail hentry category-menschenrechte category-uncategorized has-post-title no-post-date has-post-category has-post-tag has-post-comment has-post-author \">\n\t    \n\t\t\t\t<figure class=\"post-image tf_clearfix\">\n\t\t\t    \t\t\t\t\t\t\t\t<a href=\"https:\/\/iran-change.org\/icb\/2023\/08\/28\/maryam-akbari-monfared-zu-zwei-weiteren-jahren-gefaengnis-verurteilt\/\">\n\t\t\t\t\t\t\t\t<img loading=\"lazy\" decoding=\"async\" src=\"https:\/\/iran-change.org\/icb\/wp-content\/uploads\/2023\/08\/Maryam-Akbari-Monfared-364x240.jpg\" width=\"364\" height=\"240\" class=\"wp-post-image wp-image-1852\" title=\"Maryam-Akbari-Monfared\" alt=\"Maryam-Akbari-Monfared\">\t\t\t\t\t\t\t\t    \t\t\t\t<\/a>\n\t\t\t\t\t\t\t    \t\t\t<\/figure>\n\t\t\t\t<div class=\"post-content\">\n\t\t<div class=\"post-content-inner\">\n\n\t\t\t\n\t\t\t<h2 class=\"post-title entry-title\"><a href=\"https:\/\/iran-change.org\/icb\/2023\/08\/28\/maryam-akbari-monfared-zu-zwei-weiteren-jahren-gefaengnis-verurteilt\/\">Maryam Akbari Monfared zu zwei weiteren Jahren Gef\u00e4ngnis verurteilt!<\/a><\/h2>\n\t\t\t\n\t\t\t\n\t\t\t\t<div class=\"entry-content\">\n\n        \n\t<\/div><!-- \/.entry-content -->\n\t\n\t\t<\/div>\n\t\t<!-- \/.post-content-inner -->\n\t<\/div>\n\t<!-- \/.post-content -->\n\t\n<\/article>\n<!-- \/.post -->\n<article id=\"post-1678\" class=\"post tf_clearfix post-1678 type-post status-publish format-standard has-post-thumbnail hentry category-menschenrechte category-uncategorized has-post-title no-post-date has-post-category has-post-tag has-post-comment has-post-author \">\n\t    \n\t\t\t\t<figure class=\"post-image tf_clearfix\">\n\t\t\t    \t\t\t\t\t\t\t\t<a href=\"https:\/\/iran-change.org\/icb\/2023\/08\/24\/die-uhr-tickt-fur-ebrahim-raisi-um-fur-das-massaker-von-1988-vor-gericht-gestellt-zu-werden\/\">\n\t\t\t\t\t\t\t\t<img loading=\"lazy\" decoding=\"async\" src=\"https:\/\/iran-change.org\/icb\/wp-content\/uploads\/2023\/08\/Matyrer-1024x515-364x240.jpg\" width=\"364\" height=\"240\" class=\"wp-post-image wp-image-1140\" title=\"Ausstellung M\u00e4rtyrer des Massakers von 1988\" alt=\"Ausstellung M\u00e4rtyrer des Massakers von 1988\">\t\t\t\t\t\t\t\t    \t\t\t\t<\/a>\n\t\t\t\t\t\t\t    \t\t\t<\/figure>\n\t\t\t\t<div class=\"post-content\">\n\t\t<div class=\"post-content-inner\">\n\n\t\t\t\n\t\t\t<h2 class=\"post-title entry-title\"><a href=\"https:\/\/iran-change.org\/icb\/2023\/08\/24\/die-uhr-tickt-fur-ebrahim-raisi-um-fur-das-massaker-von-1988-vor-gericht-gestellt-zu-werden\/\">Die Uhr tickt f\u00fcr Ebrahim Raisi, um f\u00fcr das Massaker von 1988 vor Gericht gestellt zu werden!<\/a><\/h2>\n\t\t\t\n\t\t\t\n\t\t\t\t<div class=\"entry-content\">\n\n        \n\t<\/div><!-- \/.entry-content -->\n\t\n\t\t<\/div>\n\t\t<!-- \/.post-content-inner -->\n\t<\/div>\n\t<!-- \/.post-content -->\n\t\n<\/article>\n<!-- \/.post -->\n<article id=\"post-1638\" class=\"post tf_clearfix post-1638 type-post status-publish format-standard has-post-thumbnail hentry category-menschenrechte category-uncategorized has-post-title no-post-date has-post-category has-post-tag has-post-comment has-post-author \">\n\t    \n\t\t\t\t<figure class=\"post-image tf_clearfix\">\n\t\t\t    \t\t\t\t\t\t\t\t<a href=\"https:\/\/iran-change.org\/icb\/2023\/08\/24\/roqieh-abedini-wurde-in-hamedan-gehangt-das-neue-opfer-von-hinrichtungen-im-iran-2\/\">\n\t\t\t\t\t\t\t\t<img loading=\"lazy\" decoding=\"async\" src=\"https:\/\/iran-change.org\/icb\/wp-content\/uploads\/2023\/08\/Roqieh-Abedini-364x240.jpg\" width=\"364\" height=\"240\" class=\"wp-post-image wp-image-358\" title=\"Roqieh Abedini\" alt=\"Roqieh Abedini\">\t\t\t\t\t\t\t\t    \t\t\t\t<\/a>\n\t\t\t\t\t\t\t    \t\t\t<\/figure>\n\t\t\t\t<div class=\"post-content\">\n\t\t<div class=\"post-content-inner\">\n\n\t\t\t\n\t\t\t<h2 class=\"post-title entry-title\"><a href=\"https:\/\/iran-change.org\/icb\/2023\/08\/24\/roqieh-abedini-wurde-in-hamedan-gehangt-das-neue-opfer-von-hinrichtungen-im-iran-2\/\">Roqieh Abedini wurde in Hamedan geh\u00e4ngt \u2013 das neue Opfer von Hinrichtungen im Iran!<\/a><\/h2>\n\t\t\t\n\t\t\t\n\t\t\t\t<div class=\"entry-content\">\n\n        \n\t<\/div><!-- \/.entry-content -->\n\t\n\t\t<\/div>\n\t\t<!-- \/.post-content-inner -->\n\t<\/div>\n\t<!-- \/.post-content -->\n\t\n<\/article>\n<!-- \/.post -->\n<\/div><!-- .builder-posts-wrap -->\n    <\/div>\n    <!-- \/module post -->\n\t\t\t\t<\/div><!-- .tb-column-inner -->\n\t\t\t\t\t\t<\/div><!-- .module_column -->\n\t\t\t\t\t\t<\/div><!-- .subrow_inner -->\n\t\t<\/div><!-- .themify_builder_sub_row -->\n\t\t\t\t\t\t<div  data-lazy=\"1\" class=\"module_subrow themify_builder_sub_row tb_1e9l902 tf_w tf_clearfix\">\n\t\t\t\t\t<div class=\"subrow_inner col_align_top tb_col_count_3 tf_box tf_w\">\n\t\t\t\t\t<div  data-lazy=\"1\" class=\"module_column sub_column col3-1 tb_xsxm903 first\">\n\t\t\t\t\t\t\t<\/div><!-- .module_column -->\n\t\t\t\t\t<div  data-lazy=\"1\" class=\"module_column sub_column col3-1 tb_6rw3903\">\n\t\t\t\t\t\t\t<\/div><!-- .module_column -->\n\t\t\t\t\t<div  data-lazy=\"1\" class=\"module_column sub_column col3-1 tb_8lit903 last\">\n\t\t\t\t\t\t\t<\/div><!-- .module_column -->\n\t\t\t\t\t\t<\/div><!-- .subrow_inner -->\n\t\t<\/div><!-- .themify_builder_sub_row -->\n\t\t\t\t\t\t<div  data-lazy=\"1\" class=\"module_subrow themify_builder_sub_row tb_5gys960 tf_w tf_clearfix\">\n\t\t\t\t\t<div class=\"subrow_inner col_align_top tb_col_count_1 tf_box tf_w\">\n\t\t\t\t\t<div  data-lazy=\"1\" class=\"module_column sub_column col-full tb_scrd961 first\">\n\t\t\t\t\t\t\t<\/div><!-- .module_column -->\n\t\t\t\t\t\t<\/div><!-- .subrow_inner -->\n\t\t<\/div><!-- .themify_builder_sub_row -->\n\t\t\t\t\t\t<div  data-lazy=\"1\" class=\"module_subrow themify_builder_sub_row tb_ytjv49 tf_w tf_clearfix\">\n\t\t\t\t\t<div class=\"subrow_inner col_align_top tb_col_count_3 tf_box tf_w\">\n\t\t\t\t\t<div  data-lazy=\"1\" class=\"module_column sub_column col3-1 tb_xww049 first\">\n\t\t\t\t\t\t\t<\/div><!-- .module_column -->\n\t\t\t\t\t<div  data-lazy=\"1\" class=\"module_column sub_column col3-1 tb_mq6250\">\n\t\t\t\t\t\t\t<\/div><!-- .module_column -->\n\t\t\t\t\t<div  data-lazy=\"1\" class=\"module_column sub_column col3-1 tb_jpy250 last\">\n\t\t\t\t\t\t\t<\/div><!-- .module_column -->\n\t\t\t\t\t\t<\/div><!-- .subrow_inner -->\n\t\t<\/div><!-- .themify_builder_sub_row -->\n\t\t\t\t\t\t\t\t<\/div><!-- .tb-column-inner -->\n\t\t\t\t\t\t<\/div><!-- .module_column -->\n\t\t\t\t\t\t<\/div><!-- .row_inner -->\n\t\t<\/div><!-- .module_row -->\n\t\t\t\t<\/div>\n<!--\/themify_builder_content-->","protected":false},"excerpt":{"rendered":"","protected":false},"author":1,"featured_media":0,"parent":0,"menu_order":0,"comment_status":"closed","ping_status":"closed","template":"","meta":{"footnotes":""},"class_list":["post-265","page","type-page","status-publish","hentry","has-post-title","has-post-date","has-post-category","has-post-tag","has-post-comment","has-post-author",""],"builder_content":"<img src=\"https:\/\/iran-change.org\/icb\/wp-content\/uploads\/2023\/12\/Verwandte-Beitraege-5.png\" title=\"Verwandte Beitr\u00e4ge-5\" alt=\"Verwandte Beitr\u00e4ge-5\" srcset=\"https:\/\/iran-change.org\/icb\/wp-content\/uploads\/2023\/12\/Verwandte-Beitraege-5.png 316w, https:\/\/iran-change.org\/icb\/wp-content\/uploads\/2023\/12\/Verwandte-Beitraege-5-300x65.png 300w\" sizes=\"(max-width: 316px) 100vw, 316px\" \/>","_links":{"self":[{"href":"https:\/\/iran-change.org\/icb\/wp-json\/wp\/v2\/pages\/265","targetHints":{"allow":["GET"]}}],"collection":[{"href":"https:\/\/iran-change.org\/icb\/wp-json\/wp\/v2\/pages"}],"about":[{"href":"https:\/\/iran-change.org\/icb\/wp-json\/wp\/v2\/types\/page"}],"author":[{"embeddable":true,"href":"https:\/\/iran-change.org\/icb\/wp-json\/wp\/v2\/users\/1"}],"replies":[{"embeddable":true,"href":"https:\/\/iran-change.org\/icb\/wp-json\/wp\/v2\/comments?post=265"}],"version-history":[{"count":9,"href":"https:\/\/iran-change.org\/icb\/wp-json\/wp\/v2\/pages\/265\/revisions"}],"predecessor-version":[{"id":3385,"href":"https:\/\/iran-change.org\/icb\/wp-json\/wp\/v2\/pages\/265\/revisions\/3385"}],"wp:attachment":[{"href":"https:\/\/iran-change.org\/icb\/wp-json\/wp\/v2\/media?parent=265"}],"curies":[{"name":"wp","href":"https:\/\/api.w.org\/{rel}","templated":true}]}}